{"id":15,"date":"2021-08-09T12:30:11","date_gmt":"2021-08-09T10:30:11","guid":{"rendered":"http:\/\/dakar-marketing.com\/index.php\/badanie-satysfakcji-klienta\/"},"modified":"2021-09-03T11:31:52","modified_gmt":"2021-09-03T09:31:52","slug":"badanie-satysfakcji-klienta","status":"publish","type":"page","link":"https:\/\/dakar-marketing.com\/index.php\/badanie-satysfakcji-klienta\/","title":{"rendered":"Badanie satysfakcji Klienta"},"content":{"rendered":"<p>[et_pb_section fb_built=&#8221;1&#8243; custom_padding_last_edited=&#8221;on|desktop&#8221; _builder_version=&#8221;4.9.2&#8243; use_background_color_gradient=&#8221;on&#8221; background_color_gradient_start=&#8221;rgba(0,0,0,0.7)&#8221; background_color_gradient_end=&#8221;rgba(0,0,0,0)&#8221; background_image=&#8221;http:\/\/dakar-marketing.com\/wp-content\/uploads\/2021\/08\/pexels-mikael-blomkvist-6476580-scaled.jpg&#8221; background_blend=&#8221;overlay&#8221; max_width=&#8221;92%&#8221; module_alignment=&#8221;center&#8221; custom_padding=&#8221;65px||65px||true|&#8221; custom_padding_tablet=&#8221;&#8221; custom_padding_phone=&#8221;90px||90px||true&#8221; animation_style=&#8221;slide&#8221; animation_direction=&#8221;top&#8221; border_color_right=&#8221;#ffffff&#8221; box_shadow_style=&#8221;preset2&#8243; box_shadow_color=&#8221;#000000&#8243; global_module=&#8221;171&#8243; saved_tabs=&#8221;all&#8221;][et_pb_row use_custom_gutter=&#8221;on&#8221; gutter_width=&#8221;2&#8243; make_equal=&#8221;on&#8221; _builder_version=&#8221;3.25&#8243; width=&#8221;98%&#8221; width_tablet=&#8221;90%&#8221; width_phone=&#8221;90%&#8221; width_last_edited=&#8221;on|phone&#8221; max_width=&#8221;1120px&#8221; max_width_tablet=&#8221;90%&#8221; max_width_phone=&#8221;90%&#8221; max_width_last_edited=&#8221;on|tablet&#8221;][et_pb_column type=&#8221;4_4&#8243; _builder_version=&#8221;3.25&#8243; custom_padding=&#8221;|||&#8221; custom_padding__hover=&#8221;|||&#8221;][et_pb_text _builder_version=&#8221;4.9.2&#8243; header_font=&#8221;Poppins|800|||||||&#8221; header_text_color=&#8221;#ffffff&#8221; header_font_size=&#8221;60px&#8221; header_line_height=&#8221;1.3em&#8221; max_width=&#8221;700px&#8221; header_font_size_tablet=&#8221;40px&#8221; header_font_size_phone=&#8221;25px&#8221; header_font_size_last_edited=&#8221;on|desktop&#8221; header_line_height_tablet=&#8221;&#8221; header_line_height_phone=&#8221;1.4em&#8221; header_line_height_last_edited=&#8221;on|desktop&#8221;]<\/p>\n<h1>Widoczno\u015b\u0107 Firm<br \/>w Internecie.<\/h1>\n<p>[\/et_pb_text][et_pb_text _builder_version=&#8221;4.9.2&#8243; text_font=&#8221;Roboto|300|||||||&#8221; text_text_color=&#8221;#ffffff&#8221; text_font_size=&#8221;24px&#8221; text_font_size_tablet=&#8221;&#8221; text_font_size_phone=&#8221;20px&#8221; text_font_size_last_edited=&#8221;on|desktop&#8221; text_line_height_tablet=&#8221;&#8221; text_line_height_phone=&#8221;1.5em&#8221; text_line_height_last_edited=&#8221;on|desktop&#8221;]Zaufaj Specjalistom![\/et_pb_text][\/et_pb_column][\/et_pb_row][\/et_pb_section][et_pb_section fb_built=&#8221;1&#8243; _builder_version=&#8221;3.23.3&#8243; custom_padding=&#8221;33px||33px||true|&#8221;][et_pb_row use_custom_gutter=&#8221;on&#8221; gutter_width=&#8221;2&#8243; make_equal=&#8221;on&#8221; _builder_version=&#8221;3.25&#8243; width=&#8221;98%&#8221; width_tablet=&#8221;90%&#8221; width_phone=&#8221;90%&#8221; width_last_edited=&#8221;on|phone&#8221; max_width=&#8221;1120px&#8221; max_width_tablet=&#8221;90%&#8221; max_width_phone=&#8221;90%&#8221; max_width_last_edited=&#8221;on|tablet&#8221; custom_padding=&#8221;||41px|||&#8221; animation_style=&#8221;slide&#8221; animation_direction=&#8221;bottom&#8221; animation_delay=&#8221;500ms&#8221;][et_pb_column type=&#8221;4_4&#8243; _builder_version=&#8221;3.25&#8243; custom_padding=&#8221;|||&#8221; custom_padding__hover=&#8221;|||&#8221;][et_pb_text _builder_version=&#8221;4.9.2&#8243; header_2_font=&#8221;Poppins|700|||||||&#8221; header_2_text_color=&#8221;#000000&#8243; header_2_font_size=&#8221;30px&#8221; header_2_line_height=&#8221;1.4em&#8221; max_width_tablet=&#8221;100%&#8221; max_width_phone=&#8221;100%&#8221; max_width_last_edited=&#8221;on|desktop&#8221; custom_margin=&#8221;-13px||&#8221; custom_margin_tablet=&#8221;-27px||&#8221; custom_margin_phone=&#8221;-26px||&#8221; custom_margin_last_edited=&#8221;on|desktop&#8221; header_2_font_size_tablet=&#8221;&#8221; header_2_font_size_phone=&#8221;25px&#8221; header_2_font_size_last_edited=&#8221;on|desktop&#8221;]<\/p>\n<h2 style=\"text-align: center;\">BADANIE SATYSFAKCJI KLIENTA<\/h2>\n<p>[\/et_pb_text][\/et_pb_column][\/et_pb_row][et_pb_row column_structure=&#8221;1_2,1_2&#8243; use_custom_gutter=&#8221;on&#8221; gutter_width=&#8221;2&#8243; make_equal=&#8221;on&#8221; _builder_version=&#8221;4.9.2&#8243; width=&#8221;98%&#8221; width_tablet=&#8221;90%&#8221; width_phone=&#8221;90%&#8221; width_last_edited=&#8221;on|phone&#8221; max_width=&#8221;1120px&#8221; max_width_tablet=&#8221;90%&#8221; max_width_phone=&#8221;90%&#8221; max_width_last_edited=&#8221;on|tablet&#8221; custom_margin=&#8221;||30px||false|false&#8221; custom_padding=&#8221;0px||11px|||&#8221; animation_style=&#8221;slide&#8221; animation_direction=&#8221;bottom&#8221; animation_delay=&#8221;500ms&#8221;][et_pb_column type=&#8221;1_2&#8243; _builder_version=&#8221;4.9.2&#8243; custom_padding=&#8221;25px|25px|25px|25px|true|true&#8221; box_shadow_style=&#8221;preset2&#8243; custom_padding__hover=&#8221;|||&#8221;][et_pb_text _builder_version=&#8221;4.9.2&#8243; text_font=&#8221;Roboto|300|||||||&#8221; text_text_color=&#8221;#4a4a4a&#8221; text_font_size=&#8221;16px&#8221; text_line_height=&#8221;1.8em&#8221;]<\/p>\n<p style=\"text-align: justify;\"><strong>Audyty Jawne<\/strong><br \/>Audyt Jawny to narz\u0119dzie marketingowe, kt\u00f3re wykorzystuje si\u0119 w celu skontrolowania plac\u00f3wki pod k\u0105tem spe\u0142nienia obowi\u0105zuj\u0105cych standard\u00f3w.<\/p>\n<p style=\"text-align: justify;\">Audytor podczas jawnej wizyty dokonuje oceny nast\u0119puj\u0105cych element\u00f3w:<\/p>\n<ul>\n<li style=\"text-align: justify;\">stanu ekspozycji oraz jej zgodno\u015bci z obowi\u0105zuj\u0105cymi aktualnie standardami Visual Merchandisingu<\/li>\n<li style=\"text-align: justify;\">czysto\u015bci oraz og\u00f3lnego wygl\u0105du sklepu<\/li>\n<li style=\"text-align: justify;\">prawid\u0142owo\u015bci oznacze\u0144 cenowych<\/li>\n<li style=\"text-align: justify;\">odpowiedniego zatowarowania produkt\u00f3w sprzeda\u017cowych<\/li>\n<\/ul>\n<p>Wsp\u00f3lnie okre\u015blimy jakie elementy wymagaj\u0105 szczeg\u00f3lnej kontroli. Kolejnym krokiem jest opracowanie wraz ze zleceniodawc\u0105 scenariusza, kt\u00f3ry nakierowuje audytora na jakie elementy nale\u017cy zwr\u00f3ci\u0107 szczeg\u00f3ln\u0105 uwag\u0119. Audytor osobi\u015bcie kontroluje plac\u00f3wk\u0119 i wraz z pracownikiem omawia wszystkie punkty ankiety. Po przeprowadzeniu audytu zleceniodawca otrzymuje wype\u0142nion\u0105 ankiet\u0119 wraz z opracowanymi wnioskami z wykonanego audytu.<\/p>\n<p>&nbsp;<\/p>\n<p>[\/et_pb_text][\/et_pb_column][et_pb_column type=&#8221;1_2&#8243; _builder_version=&#8221;4.9.2&#8243; _module_preset=&#8221;default&#8221; background_image=&#8221;http:\/\/dakar-marketing.com\/wp-content\/uploads\/2021\/08\/chart-2785979_1920.jpg&#8221; box_shadow_style=&#8221;preset2&#8243;][\/et_pb_column][\/et_pb_row][et_pb_row column_structure=&#8221;1_2,1_2&#8243; use_custom_gutter=&#8221;on&#8221; gutter_width=&#8221;2&#8243; make_equal=&#8221;on&#8221; _builder_version=&#8221;4.9.2&#8243; width=&#8221;98%&#8221; width_tablet=&#8221;90%&#8221; width_phone=&#8221;90%&#8221; width_last_edited=&#8221;on|phone&#8221; max_width=&#8221;1120px&#8221; max_width_tablet=&#8221;90%&#8221; max_width_phone=&#8221;90%&#8221; max_width_last_edited=&#8221;on|tablet&#8221; custom_margin=&#8221;||35px||false|false&#8221; custom_padding=&#8221;0px||11px|||&#8221; animation_style=&#8221;slide&#8221; animation_direction=&#8221;bottom&#8221; animation_delay=&#8221;500ms&#8221;][et_pb_column type=&#8221;1_2&#8243; _builder_version=&#8221;4.9.2&#8243; _module_preset=&#8221;default&#8221; background_image=&#8221;http:\/\/dakar-marketing.com\/wp-content\/uploads\/2021\/08\/pexels-amina-filkins-5410146-scaled.jpg&#8221;][\/et_pb_column][et_pb_column type=&#8221;1_2&#8243; _builder_version=&#8221;4.9.2&#8243; custom_padding=&#8221;25px|25px|25px|25px|true|true&#8221; box_shadow_style=&#8221;preset2&#8243; custom_padding__hover=&#8221;|||&#8221;][et_pb_text _builder_version=&#8221;4.9.2&#8243; text_font=&#8221;Roboto|300|||||||&#8221; text_text_color=&#8221;#4a4a4a&#8221; text_font_size=&#8221;16px&#8221; text_line_height=&#8221;1.8em&#8221;]<\/p>\n<p style=\"text-align: justify;\"><strong> Mystery Shopping &#8211; Tajemniczy Klient <\/strong><br \/>Dzi\u0119ki badaniu Mystery Shopping uzyskasz obiektywn\u0105 ocen\u0119 poziomu us\u0142ug \u015bwiadczonych w Twojej firmie. Badanie Mystery Shopping nazywane r\u00f3wnie\u017c zamiennie Badaniem Tajemniczego Klienta jest badaniem niejawnym<\/p>\n<p><strong>Jak dzia\u0142a Mystery Shopping?<\/strong><br \/>Mystery Shoppin to audytor, kt\u00f3ry wciela si\u0119 w rol\u0119 typowego Klienta. Jego zadaniem jest osobista wizyta w punktach us\u0142ugowych oraz plac\u00f3wkach sprzeda\u017cowych. Celem takiej wizyty jest kontrola procesu sprzeda\u017cowego i jako\u015bci Obs\u0142ugi Klienta. Audytor przeprowadzaj\u0105c badanie opiera si\u0119 na przygotowanym indywidualnie scenariuszu wizyty, co gwarantuje uzyskanie obiektywnego wyniku badania oraz pozwala na zebranie informacji, na kt\u00f3re odpowied\u017a chce uzyska\u0107 pracodawca.<\/p>\n<p><strong>Co ocenia Mystery Shopping?<\/strong><\/p>\n<ul>\n<li>poziom obs\u0142ugi w kontek\u015bcie obowi\u0105zuj\u0105cych nrom sprzeda\u017cowych<\/li>\n<li>wiedz\u0119 personelu dotycz\u0105c\u0105 oferty<\/li>\n<li>podej\u015bcie pracownika do Klienta, czyli jego nastawienie<\/li>\n<li>umiej\u0119tno\u015b\u0107 przedstawienia zalet produktu<\/li>\n<li>profesjonalizm i zaanga\u017cowanie pracownik\u00f3w<\/li>\n<\/ul>\n<p>Naszym zadaniem jest opracowanie indywidualnego scenariusza badania zgodnego ze standardami obs\u0142ugi obowi\u0105zuj\u0105cymi w danym punkcie. Scenariusz tworzony jest na podstawie rozmowy z Klientem lub po wype\u0142nieniu przez Klienta ankiety, w kt\u00f3rej wskazuje jakie elementy maj\u0105 zosta\u0107 poddane ocenie.<br \/>Po przeprowadzeniu badania dokonujemy analizy wynik\u00f3w i przedstawiamy zleceniodawcy wnioski z przeprowadzonego badania.<\/p>\n<p>[\/et_pb_text][\/et_pb_column][\/et_pb_row][et_pb_row column_structure=&#8221;1_2,1_2&#8243; use_custom_gutter=&#8221;on&#8221; gutter_width=&#8221;2&#8243; make_equal=&#8221;on&#8221; _builder_version=&#8221;4.9.2&#8243; width=&#8221;98%&#8221; width_tablet=&#8221;90%&#8221; width_phone=&#8221;90%&#8221; width_last_edited=&#8221;on|phone&#8221; max_width=&#8221;1120px&#8221; max_width_tablet=&#8221;90%&#8221; max_width_phone=&#8221;90%&#8221; max_width_last_edited=&#8221;on|tablet&#8221; custom_margin=&#8221;||30px||false|false&#8221; custom_padding=&#8221;0px||11px|||&#8221; animation_style=&#8221;slide&#8221; animation_direction=&#8221;bottom&#8221; animation_delay=&#8221;500ms&#8221;][et_pb_column type=&#8221;1_2&#8243; _builder_version=&#8221;4.9.2&#8243; custom_padding=&#8221;25px|25px|25px|25px|true|true&#8221; box_shadow_style=&#8221;preset2&#8243; custom_padding__hover=&#8221;|||&#8221;][et_pb_text _builder_version=&#8221;4.9.2&#8243; text_font=&#8221;Roboto|300|||||||&#8221; text_text_color=&#8221;#4a4a4a&#8221; text_font_size=&#8221;16px&#8221; text_line_height=&#8221;1.8em&#8221;]<\/p>\n<p style=\"text-align: justify;\"><strong> Mestery Calling \u2013 telefoniczne badanie Obs\u0142ugi Klienta <\/strong><br \/>Badanie Mystery Calling pozwala na uzyskanie obiektywnej oceny poziomu jako\u015bci \u015bwiadczonych us\u0142ug. Badanie przeprowadzane jest za po\u015brednictwem rozmowy telefonicznej i ma charakter niejawny.<\/p>\n<p style=\"text-align: justify;\"><strong>Jak dzia\u0142a Mystery Calling?<\/strong><br \/>Mystery Calling to audytor wcielaj\u0105cy si\u0119 w rol\u0119 Klienta, jego zadaniem jest przeprowadzenie rozmowy telefonicznej wed\u0142ug wcze\u015bniej przygotowanego scenariusza. Celem rozmowy jest zbadanie poziomu jako\u015bci Obs\u0142ugi Klienta.<\/p>\n<p style=\"text-align: justify;\"><strong>Co ocenia Mystery Calling?<\/strong><\/p>\n<ul>\n<li style=\"text-align: justify;\">wiedz\u0119 rozm\u00f3wcy na temat oferowanych produkt\u00f3w<\/li>\n<li style=\"text-align: justify;\">nastawienie rozm\u00f3wcy<\/li>\n<li style=\"text-align: justify;\">umiej\u0119tno\u015b\u0107 przedstawiania zalet produktu<\/li>\n<li style=\"text-align: justify;\">profesjonalizm i zaanga\u017cowanie rozm\u00f3wcy<\/li>\n<\/ul>\n<p style=\"text-align: justify;\">Naszym zadaniem jest opracowanie indywidualnego scenariusza rozmowy. Jest on tworzony na podstawie rozmowy z Klientem lub po wype\u0142nieniu przez Klienta ankiety, w kt\u00f3rej wskazuje jakie elementy maj\u0105 zosta\u0107 poddane ocenie.<\/p>\n<p style=\"text-align: justify;\">Po przeprowadzeniu badania dokonujemy analizy wynik\u00f3w i przedstawiamy zleceniodawcy wnioski z przeprowadzonego badania.<\/p>\n<p>[\/et_pb_text][\/et_pb_column][et_pb_column type=&#8221;1_2&#8243; _builder_version=&#8221;4.9.2&#8243; _module_preset=&#8221;default&#8221; background_image=&#8221;http:\/\/dakar-marketing.com\/wp-content\/uploads\/2021\/08\/pexels-andrea-piacquadio-845451-scaled.jpg&#8221; background_position=&#8221;center_right&#8221; box_shadow_style=&#8221;preset2&#8243;][\/et_pb_column][\/et_pb_row][et_pb_row column_structure=&#8221;1_2,1_2&#8243; use_custom_gutter=&#8221;on&#8221; gutter_width=&#8221;2&#8243; make_equal=&#8221;on&#8221; _builder_version=&#8221;4.9.2&#8243; width=&#8221;98%&#8221; width_tablet=&#8221;90%&#8221; width_phone=&#8221;90%&#8221; width_last_edited=&#8221;on|phone&#8221; max_width=&#8221;1120px&#8221; max_width_tablet=&#8221;90%&#8221; max_width_phone=&#8221;90%&#8221; max_width_last_edited=&#8221;on|tablet&#8221; custom_margin=&#8221;||35px||false|false&#8221; custom_padding=&#8221;0px||11px|||&#8221; animation_style=&#8221;slide&#8221; animation_direction=&#8221;bottom&#8221; animation_delay=&#8221;500ms&#8221;][et_pb_column type=&#8221;1_2&#8243; _builder_version=&#8221;4.9.2&#8243; _module_preset=&#8221;default&#8221; background_image=&#8221;http:\/\/dakar-marketing.com\/wp-content\/uploads\/2021\/08\/pexels-torsten-dettlaff-193003-scaled.jpg&#8221;][\/et_pb_column][et_pb_column type=&#8221;1_2&#8243; _builder_version=&#8221;4.9.2&#8243; custom_padding=&#8221;25px|25px|25px|25px|true|true&#8221; box_shadow_style=&#8221;preset2&#8243; custom_padding__hover=&#8221;|||&#8221;][et_pb_text _builder_version=&#8221;4.9.2&#8243; text_font=&#8221;Roboto|300|||||||&#8221; text_text_color=&#8221;#4a4a4a&#8221; text_font_size=&#8221;16px&#8221; text_line_height=&#8221;1.8em&#8221;]<\/p>\n<p style=\"text-align: justify;\"><strong>Mystery Mailing \u2013 emailowe badanie Obs\u0142ugi Klienta <\/strong><br \/>Badanie Mystery Mailing skierowane jest do firmy, kt\u00f3re swoich potencjalnych Klient\u00f3w poszukuj\u0105 za po\u015brednictwem Internetu. Jest to badanie, kt\u00f3re przeprowadzane jest w spos\u00f3b niejawny.<\/p>\n<p style=\"text-align: justify;\"><strong>Jak dzia\u0142a Mystery Mailling?<\/strong><br \/>W badaniu Mystery Mailling ocenie poddawany jest poziom jako\u015bci Obs\u0142ugi Klienta drog\u0105 mailow\u0105. Audytor za po\u015brednictwem maila kontaktuje si\u0119 z dzia\u0142em obs\u0142ugi Klienta. Zapytanie ofertowe oraz og\u00f3lna korespondencja mailowa prowadzona jest wed\u0142ug wcze\u015bniej przygotowanego schematu.<\/p>\n<p style=\"text-align: justify;\"><strong>Co ocenia Mystery Mailling?<\/strong><\/p>\n<ul>\n<li style=\"text-align: justify;\">czas oczekiwania na odpowied\u017a<\/li>\n<li style=\"text-align: justify;\">og\u00f3ln\u0105 wiedz\u0119 na temat oferty handlowej<\/li>\n<li style=\"text-align: justify;\">spos\u00f3b przekazywania informacji<\/li>\n<li style=\"text-align: justify;\">styl odpowiedzi<\/li>\n<\/ul>\n<p>Po przeprowadzeniu badania dokonujemy analizy wynik\u00f3w i przedstawiamy zleceniodawcy wnioski z przeprowadzonego badania.<\/p>\n<p>[\/et_pb_text][\/et_pb_column][\/et_pb_row][et_pb_row _builder_version=&#8221;4.9.2&#8243; _module_preset=&#8221;default&#8221; custom_padding=&#8221;0px|||||&#8221;][et_pb_column _builder_version=&#8221;4.9.2&#8243; _module_preset=&#8221;default&#8221; type=&#8221;4_4&#8243;][et_pb_text _builder_version=&#8221;4.9.2&#8243; text_font=&#8221;Roboto|500|||||||&#8221; text_text_color=&#8221;#4a4a4a&#8221; text_font_size=&#8221;16px&#8221; text_line_height=&#8221;1.8em&#8221; text_orientation=&#8221;center&#8221; custom_margin=&#8221;30px||||false|false&#8221; saved_tabs=&#8221;all&#8221; global_module=&#8221;243&#8243;]<\/p>\n<p><span style=\"color: #000000;\"><a href=\"http:\/\/dakar-marketing.com\/index.php\/kontakt\/\" style=\"color: #000000;\">Chcesz dowiedzie\u0107 si\u0119 wi\u0119cej na temat dost\u0119pnej oferty?<\/a><\/span><br \/><span style=\"color: #000000;\"><a href=\"http:\/\/dakar-marketing.com\/index.php\/kontakt\/\" style=\"color: #000000;\">Skontaktuj si\u0119 z Naszym Zespo\u0142em!<\/a><\/span><\/p>\n<p>[\/et_pb_text][\/et_pb_column][\/et_pb_row][\/et_pb_section][et_pb_section fb_built=&#8221;1&#8243; _builder_version=&#8221;3.23.3&#8243; background_color=&#8221;#1C1E29&#8243; custom_padding=&#8221;0px||0px||true&#8221; global_module=&#8221;167&#8243; saved_tabs=&#8221;all&#8221;][et_pb_row use_custom_gutter=&#8221;on&#8221; gutter_width=&#8221;2&#8243; make_equal=&#8221;on&#8221; padding_top_bottom_link_2=&#8221;false&#8221; _builder_version=&#8221;3.25&#8243; width=&#8221;98%&#8221; width_tablet=&#8221;90%&#8221; width_phone=&#8221;90%&#8221; width_last_edited=&#8221;on|phone&#8221; max_width=&#8221;1120px&#8221; max_width_tablet=&#8221;90%&#8221; max_width_phone=&#8221;90%&#8221; max_width_last_edited=&#8221;on|tablet&#8221; custom_padding=&#8221;35px||35px||true|&#8221;][et_pb_column type=&#8221;4_4&#8243; _builder_version=&#8221;3.25&#8243; custom_padding=&#8221;|||&#8221; custom_padding__hover=&#8221;|||&#8221;][et_pb_text _builder_version=&#8221;4.9.2&#8243; header_font=&#8221;Poppins||||||||&#8221; header_text_align=&#8221;left&#8221; header_text_color=&#8221;#ffffff&#8221; header_line_height=&#8221;1.4em&#8221; module_alignment=&#8221;center&#8221; custom_padding=&#8221;5px||&#8221; header_font_size_tablet=&#8221;&#8221; header_font_size_phone=&#8221;25px&#8221; header_font_size_last_edited=&#8221;on|desktop&#8221;]<\/p>\n<h1 style=\"text-align: center;\">Razem z Nami kreuj wizerunek swojej Firmy<\/h1>\n<p>[\/et_pb_text][\/et_pb_column][\/et_pb_row][\/et_pb_section][et_pb_section fb_built=&#8221;1&#8243; _builder_version=&#8221;4.9.2&#8243; use_background_color_gradient=&#8221;on&#8221; background_color_gradient_start=&#8221;#ec7527&#8243; background_color_gradient_end=&#8221;rgba(236,117,39,0.85)&#8221; background_color_gradient_overlays_image=&#8221;on&#8221; background_image=&#8221;http:\/\/dakar-marketing.com\/wp-content\/uploads\/2021\/08\/rrrrr.png&#8221; custom_padding=&#8221;60px||60px||true|&#8221; global_module=&#8221;163&#8243; saved_tabs=&#8221;all&#8221;][et_pb_row column_structure=&#8221;2_5,3_5&#8243; use_custom_gutter=&#8221;on&#8221; gutter_width=&#8221;1&#8243; make_equal=&#8221;on&#8221; padding_top_bottom_link_2=&#8221;false&#8221; _builder_version=&#8221;4.9.2&#8243; width=&#8221;98%&#8221; width_tablet=&#8221;90%&#8221; width_phone=&#8221;90%&#8221; width_last_edited=&#8221;on|phone&#8221; max_width=&#8221;1120px&#8221; max_width_tablet=&#8221;90%&#8221; max_width_phone=&#8221;90%&#8221; max_width_last_edited=&#8221;on|tablet&#8221; custom_padding=&#8221;||22px|||&#8221;][et_pb_column type=&#8221;2_5&#8243; _builder_version=&#8221;3.25&#8243; custom_padding=&#8221;|||&#8221; custom_padding__hover=&#8221;|||&#8221;][et_pb_text _builder_version=&#8221;4.9.2&#8243; header_2_font=&#8221;Poppins|700|||||||&#8221; header_2_text_color=&#8221;#ffffff&#8221; header_2_font_size=&#8221;30px&#8221; header_2_line_height=&#8221;1.4em&#8221; max_width=&#8221;489px&#8221; custom_margin=&#8221;||&#8221; header_2_font_size_tablet=&#8221;&#8221; header_2_font_size_phone=&#8221;25px&#8221; header_2_font_size_last_edited=&#8221;on|desktop&#8221;]<\/p>\n<h2>Kontakt<\/h2>\n<p>[\/et_pb_text][et_pb_text _builder_version=&#8221;4.9.2&#8243; text_font=&#8221;Roboto|300|||||||&#8221; text_text_color=&#8221;#ffffff&#8221; text_font_size=&#8221;16px&#8221; text_line_height=&#8221;1.8em&#8221; max_width=&#8221;468px&#8221; custom_margin=&#8221;8px||&#8221;]<\/p>\n<p>Zadzwo\u0144, napisz lub odwied\u017a nas!<\/p>\n<p>[\/et_pb_text][et_pb_blurb title=&#8221;Rynek 2,&#8221; use_icon=&#8221;on&#8221; font_icon=&#8221;%%122%%&#8221; icon_color=&#8221;#FFFFFF&#8221; icon_placement=&#8221;left&#8221; _builder_version=&#8221;4.9.2&#8243; _module_preset=&#8221;default&#8221; header_font=&#8221;Roboto||||||||&#8221; header_text_color=&#8221;#FFFFFF&#8221; header_font_size=&#8221;19px&#8221; body_font=&#8221;Roboto||||||||&#8221; body_text_color=&#8221;#FFFFFF&#8221; body_font_size=&#8221;19px&#8221; custom_margin=&#8221;35px||||false|false&#8221;]<\/p>\n<p>89-100 Nak\u0142o n\/Noteci\u0105<\/p>\n<p>[\/et_pb_blurb][et_pb_blurb title=&#8221;Telefon&#8221; use_icon=&#8221;on&#8221; font_icon=&#8221;%%264%%&#8221; icon_color=&#8221;#FFFFFF&#8221; icon_placement=&#8221;left&#8221; _builder_version=&#8221;4.9.2&#8243; _module_preset=&#8221;default&#8221; header_font=&#8221;Roboto||||||||&#8221; header_text_color=&#8221;#FFFFFF&#8221; header_font_size=&#8221;19px&#8221; body_font=&#8221;Roboto||||||||&#8221; body_text_color=&#8221;#FFFFFF&#8221; body_font_size=&#8221;19px&#8221; custom_margin=&#8221;35px||||false|false&#8221;]+48\u00a0785\u00a0519\u00a0924 [\/et_pb_blurb][et_pb_blurb title=&#8221;E-mail&#8221; use_icon=&#8221;on&#8221; font_icon=&#8221;%%153%%&#8221; icon_color=&#8221;#FFFFFF&#8221; icon_placement=&#8221;left&#8221; _builder_version=&#8221;4.9.2&#8243; _module_preset=&#8221;default&#8221; header_font=&#8221;Roboto||||||||&#8221; header_text_color=&#8221;#FFFFFF&#8221; header_font_size=&#8221;19px&#8221; body_font=&#8221;Roboto||||||||&#8221; body_text_color=&#8221;#FFFFFF&#8221; body_font_size=&#8221;19px&#8221; custom_margin=&#8221;35px||||false|false&#8221;]biuro@dakar-marketing.com[\/et_pb_blurb][\/et_pb_column][et_pb_column type=&#8221;3_5&#8243; _builder_version=&#8221;3.25&#8243; custom_padding=&#8221;|||&#8221; custom_padding__hover=&#8221;|||&#8221;][et_pb_code _builder_version=&#8221;4.9.2&#8243; _module_preset=&#8221;default&#8221;]<iframe src=\"https:\/\/www.google.com\/maps\/embed?pb=!1m18!1m12!1m3!1d2393.5221575057676!2d17.5995116158305!3d53.13672287993564!2m3!1f0!2f0!3f0!3m2!1i1024!2i768!4f13.1!3m3!1m2!1s0x4703a03b46fec743%3A0xf82ab70fd4c67fe8!2sRynek%202%2C%2089-100%20Nak%C5%82o%20nad%20Noteci%C4%85!5e0!3m2!1spl!2spl!4v1629196039132!5m2!1spl!2spl\" width=\"100%\" height=\"500\" style=\"border:0;\" allowfullscreen=\"\" loading=\"lazy\"><\/iframe>[\/et_pb_code][\/et_pb_column][\/et_pb_row][\/et_pb_section]<\/p>\n","protected":false},"excerpt":{"rendered":"<p>[et_pb_section fb_built=&#8221;1&#8243; custom_padding_last_edited=&#8221;on|desktop&#8221; _builder_version=&#8221;4.9.2&#8243; use_background_color_gradient=&#8221;on&#8221; background_color_gradient_start=&#8221;rgba(0,0,0,0.7)&#8221; background_color_gradient_end=&#8221;rgba(0,0,0,0)&#8221; background_image=&#8221;http:\/\/dakar-marketing.com\/wp-content\/uploads\/2021\/08\/pexels-mikael-blomkvist-6476580-scaled.jpg&#8221; background_blend=&#8221;overlay&#8221; max_width=&#8221;92%&#8221; module_alignment=&#8221;center&#8221; custom_padding=&#8221;65px||65px||true|&#8221; custom_padding_tablet=&#8221;&#8221; custom_padding_phone=&#8221;90px||90px||true&#8221; animation_style=&#8221;slide&#8221; animation_direction=&#8221;top&#8221; border_color_right=&#8221;#ffffff&#8221; box_shadow_style=&#8221;preset2&#8243; box_shadow_color=&#8221;#000000&#8243; global_module=&#8221;171&#8243; saved_tabs=&#8221;all&#8221;][et_pb_row use_custom_gutter=&#8221;on&#8221; gutter_width=&#8221;2&#8243; make_equal=&#8221;on&#8221; _builder_version=&#8221;3.25&#8243; width=&#8221;98%&#8221; width_tablet=&#8221;90%&#8221; width_phone=&#8221;90%&#8221; width_last_edited=&#8221;on|phone&#8221; max_width=&#8221;1120px&#8221; max_width_tablet=&#8221;90%&#8221; max_width_phone=&#8221;90%&#8221; max_width_last_edited=&#8221;on|tablet&#8221;][et_pb_column type=&#8221;4_4&#8243; _builder_version=&#8221;3.25&#8243; custom_padding=&#8221;|||&#8221; custom_padding__hover=&#8221;|||&#8221;][et_pb_text _builder_version=&#8221;4.9.2&#8243; header_font=&#8221;Poppins|800|||||||&#8221; header_text_color=&#8221;#ffffff&#8221; header_font_size=&#8221;60px&#8221; header_line_height=&#8221;1.3em&#8221; max_width=&#8221;700px&#8221; header_font_size_tablet=&#8221;40px&#8221; header_font_size_phone=&#8221;25px&#8221; header_font_size_last_edited=&#8221;on|desktop&#8221; header_line_height_tablet=&#8221;&#8221; header_line_height_phone=&#8221;1.4em&#8221; header_line_height_last_edited=&#8221;on|desktop&#8221;] Widoczno\u015b\u0107 Firmw Internecie. [\/et_pb_text][et_pb_text _builder_version=&#8221;4.9.2&#8243; text_font=&#8221;Roboto|300|||||||&#8221; [&hellip;]<\/p>\n","protected":false},"author":1,"featured_media":0,"parent":0,"menu_order":0,"comment_status":"closed","ping_status":"closed","template":"","meta":{"_et_pb_use_builder":"on","_et_pb_old_content":"","_et_gb_content_width":"","footnotes":""},"class_list":["post-15","page","type-page","status-publish","hentry"],"_links":{"self":[{"href":"https:\/\/dakar-marketing.com\/index.php\/wp-json\/wp\/v2\/pages\/15","targetHints":{"allow":["GET"]}}],"collection":[{"href":"https:\/\/dakar-marketing.com\/index.php\/wp-json\/wp\/v2\/pages"}],"about":[{"href":"https:\/\/dakar-marketing.com\/index.php\/wp-json\/wp\/v2\/types\/page"}],"author":[{"embeddable":true,"href":"https:\/\/dakar-marketing.com\/index.php\/wp-json\/wp\/v2\/users\/1"}],"replies":[{"embeddable":true,"href":"https:\/\/dakar-marketing.com\/index.php\/wp-json\/wp\/v2\/comments?post=15"}],"version-history":[{"count":3,"href":"https:\/\/dakar-marketing.com\/index.php\/wp-json\/wp\/v2\/pages\/15\/revisions"}],"predecessor-version":[{"id":247,"href":"https:\/\/dakar-marketing.com\/index.php\/wp-json\/wp\/v2\/pages\/15\/revisions\/247"}],"wp:attachment":[{"href":"https:\/\/dakar-marketing.com\/index.php\/wp-json\/wp\/v2\/media?parent=15"}],"curies":[{"name":"wp","href":"https:\/\/api.w.org\/{rel}","templated":true}]}}