{"id":7,"date":"2021-08-09T12:30:11","date_gmt":"2021-08-09T10:30:11","guid":{"rendered":"http:\/\/dakar-marketing.com\/index.php\/strony-www\/"},"modified":"2021-09-10T13:13:26","modified_gmt":"2021-09-10T11:13:26","slug":"strony-www","status":"publish","type":"page","link":"https:\/\/dakar-marketing.com\/index.php\/strony-www\/","title":{"rendered":"Strony www"},"content":{"rendered":"<p>[et_pb_section fb_built=&#8221;1&#8243; custom_padding_last_edited=&#8221;on|desktop&#8221; _builder_version=&#8221;4.9.2&#8243; use_background_color_gradient=&#8221;on&#8221; background_color_gradient_start=&#8221;rgba(0,0,0,0.7)&#8221; background_color_gradient_end=&#8221;rgba(0,0,0,0)&#8221; background_image=&#8221;http:\/\/dakar-marketing.com\/wp-content\/uploads\/2021\/08\/pexels-mikael-blomkvist-6476580-scaled.jpg&#8221; background_blend=&#8221;overlay&#8221; max_width=&#8221;92%&#8221; module_alignment=&#8221;center&#8221; custom_padding=&#8221;65px||65px||true|&#8221; custom_padding_tablet=&#8221;&#8221; custom_padding_phone=&#8221;90px||90px||true&#8221; animation_style=&#8221;slide&#8221; animation_direction=&#8221;top&#8221; border_color_right=&#8221;#ffffff&#8221; box_shadow_style=&#8221;preset2&#8243; box_shadow_color=&#8221;#000000&#8243; global_module=&#8221;171&#8243; saved_tabs=&#8221;all&#8221;][et_pb_row use_custom_gutter=&#8221;on&#8221; gutter_width=&#8221;2&#8243; make_equal=&#8221;on&#8221; _builder_version=&#8221;3.25&#8243; width=&#8221;98%&#8221; width_tablet=&#8221;90%&#8221; width_phone=&#8221;90%&#8221; width_last_edited=&#8221;on|phone&#8221; max_width=&#8221;1120px&#8221; max_width_tablet=&#8221;90%&#8221; max_width_phone=&#8221;90%&#8221; max_width_last_edited=&#8221;on|tablet&#8221;][et_pb_column type=&#8221;4_4&#8243; _builder_version=&#8221;3.25&#8243; custom_padding=&#8221;|||&#8221; custom_padding__hover=&#8221;|||&#8221;][et_pb_text _builder_version=&#8221;4.9.2&#8243; header_font=&#8221;Poppins|800|||||||&#8221; header_text_color=&#8221;#ffffff&#8221; header_font_size=&#8221;60px&#8221; header_line_height=&#8221;1.3em&#8221; max_width=&#8221;700px&#8221; header_font_size_tablet=&#8221;40px&#8221; header_font_size_phone=&#8221;25px&#8221; header_font_size_last_edited=&#8221;on|desktop&#8221; header_line_height_tablet=&#8221;&#8221; header_line_height_phone=&#8221;1.4em&#8221; header_line_height_last_edited=&#8221;on|desktop&#8221;]<\/p>\n<h1>Widoczno\u015b\u0107 Firm<br \/>w Internecie.<\/h1>\n<p>[\/et_pb_text][et_pb_text _builder_version=&#8221;4.9.2&#8243; text_font=&#8221;Roboto|300|||||||&#8221; text_text_color=&#8221;#ffffff&#8221; text_font_size=&#8221;24px&#8221; text_font_size_tablet=&#8221;&#8221; text_font_size_phone=&#8221;20px&#8221; text_font_size_last_edited=&#8221;on|desktop&#8221; text_line_height_tablet=&#8221;&#8221; text_line_height_phone=&#8221;1.5em&#8221; text_line_height_last_edited=&#8221;on|desktop&#8221;]Zaufaj Specjalistom![\/et_pb_text][\/et_pb_column][\/et_pb_row][\/et_pb_section][et_pb_section fb_built=&#8221;1&#8243; _builder_version=&#8221;3.23.3&#8243; custom_padding=&#8221;33px||33px||true|&#8221;][et_pb_row use_custom_gutter=&#8221;on&#8221; gutter_width=&#8221;2&#8243; make_equal=&#8221;on&#8221; _builder_version=&#8221;3.25&#8243; width=&#8221;98%&#8221; width_tablet=&#8221;90%&#8221; width_phone=&#8221;90%&#8221; width_last_edited=&#8221;on|phone&#8221; max_width=&#8221;1120px&#8221; max_width_tablet=&#8221;90%&#8221; max_width_phone=&#8221;90%&#8221; max_width_last_edited=&#8221;on|tablet&#8221; custom_padding=&#8221;||41px|||&#8221; animation_style=&#8221;slide&#8221; animation_direction=&#8221;bottom&#8221; animation_delay=&#8221;500ms&#8221;][et_pb_column type=&#8221;4_4&#8243; _builder_version=&#8221;3.25&#8243; custom_padding=&#8221;|||&#8221; custom_padding__hover=&#8221;|||&#8221;][et_pb_text _builder_version=&#8221;4.9.2&#8243; header_2_font=&#8221;Poppins|700|||||||&#8221; header_2_text_color=&#8221;#000000&#8243; header_2_font_size=&#8221;30px&#8221; header_2_line_height=&#8221;1.4em&#8221; max_width_tablet=&#8221;100%&#8221; max_width_phone=&#8221;100%&#8221; max_width_last_edited=&#8221;on|desktop&#8221; custom_margin=&#8221;-13px||&#8221; custom_margin_tablet=&#8221;-27px||&#8221; custom_margin_phone=&#8221;-26px||&#8221; custom_margin_last_edited=&#8221;on|desktop&#8221; header_2_font_size_tablet=&#8221;&#8221; header_2_font_size_phone=&#8221;25px&#8221; header_2_font_size_last_edited=&#8221;on|desktop&#8221;]<\/p>\n<h2 style=\"text-align: center;\">Strony www<\/h2>\n<p>[\/et_pb_text][\/et_pb_column][\/et_pb_row][et_pb_row column_structure=&#8221;1_2,1_2&#8243; use_custom_gutter=&#8221;on&#8221; gutter_width=&#8221;2&#8243; make_equal=&#8221;on&#8221; _builder_version=&#8221;4.9.2&#8243; width=&#8221;98%&#8221; width_tablet=&#8221;90%&#8221; width_phone=&#8221;90%&#8221; width_last_edited=&#8221;on|phone&#8221; max_width=&#8221;1120px&#8221; max_width_tablet=&#8221;90%&#8221; max_width_phone=&#8221;90%&#8221; max_width_last_edited=&#8221;on|tablet&#8221; custom_padding=&#8221;0px||50px|||&#8221; animation_style=&#8221;slide&#8221; animation_direction=&#8221;bottom&#8221; animation_delay=&#8221;500ms&#8221;][et_pb_column type=&#8221;1_2&#8243; _builder_version=&#8221;4.9.2&#8243; custom_padding=&#8221;25px|25px|25px|25px|true|true&#8221; box_shadow_style=&#8221;preset2&#8243; custom_padding__hover=&#8221;|||&#8221;][et_pb_text _builder_version=&#8221;4.9.2&#8243; text_font=&#8221;Roboto|300|||||||&#8221; text_text_color=&#8221;#4a4a4a&#8221; text_font_size=&#8221;16px&#8221; text_line_height=&#8221;1.8em&#8221;]<\/p>\n<p style=\"text-align: justify;\">Strona internetowa to w dzisiejszych czasach niezb\u0119dna wizyt\u00f3wka ka\u017cdej firmy w \u015bwiecie online. Czy wiesz, \u017ce wystarczy tylko 7 sekund by potencjalny Klient podj\u0105\u0142 decyzj\u0119 czy pozosta\u0107 na Twojej stronie. Dlatego istotne jest przede wszystkim to \u017ceby strona by\u0142a przejrzysta, a Klient w intuicyjny spos\u00f3b m\u00f3g\u0142 odszuka\u0107 wszystkie niezb\u0119dne informacje.<\/p>\n<p style=\"text-align: justify;\">Zesp\u00f3\u0142 naszych specjalist\u00f3w stworzy dla Twojej Firmy stron\u0119<\/p>\n<ul>\n<li style=\"text-align: justify;\">zachwycaj\u0105c\u0105 ciekawym designem<\/li>\n<li style=\"text-align: justify;\">odpowiednio zoptymalizowan\u0105<\/li>\n<li style=\"text-align: justify;\">responsywn\u0105 czyli tak\u0105, kt\u00f3ra automatycznie dopasuje si\u0119 do rozdzielczo\u015bci ekranu, na kt\u00f3rym b\u0119dzie wy\u015bwietlana<\/li>\n<li style=\"text-align: justify;\">nowoczesn\u0105<\/li>\n<li style=\"text-align: justify;\">stworzon\u0105 w oparciu o najnowocze\u015bniejsze narz\u0119dzia<\/li>\n<li style=\"text-align: justify;\">przejrzyst\u0105<\/li>\n<\/ul>\n<p><span style=\"font-size: medium;\">Dzi\u0119ki dobrze stworzonej i odpowiednio zoptymalizowanej stronie Twoje Firma ma wi\u0119ksz\u0105 szans\u0119 na bycie widoczn\u0105 w Internecie. Co z pewno\u015bci\u0105 przyczyni si\u0119 do pozyskania nowych Klient\u00f3w. <\/span><\/p>\n<p>[\/et_pb_text][\/et_pb_column][et_pb_column type=&#8221;1_2&#8243; _builder_version=&#8221;4.9.2&#8243; background_image=&#8221;http:\/\/dakar-marketing.com\/wp-content\/uploads\/2021\/08\/pexels-pixabay-39284-scaled.jpg&#8221; custom_padding=&#8221;|||&#8221; custom_padding__hover=&#8221;|||&#8221;][et_pb_divider show_divider=&#8221;off&#8221; _builder_version=&#8221;4.9.2&#8243; _module_preset=&#8221;default&#8221;][\/et_pb_divider][\/et_pb_column][\/et_pb_row][et_pb_row use_custom_gutter=&#8221;on&#8221; gutter_width=&#8221;2&#8243; make_equal=&#8221;on&#8221; _builder_version=&#8221;4.9.2&#8243; width=&#8221;98%&#8221; width_tablet=&#8221;90%&#8221; width_phone=&#8221;90%&#8221; width_last_edited=&#8221;on|phone&#8221; max_width=&#8221;1120px&#8221; max_width_tablet=&#8221;90%&#8221; max_width_phone=&#8221;90%&#8221; max_width_last_edited=&#8221;on|tablet&#8221; custom_padding=&#8221;0px|||||&#8221; animation_style=&#8221;slide&#8221; animation_direction=&#8221;bottom&#8221; animation_delay=&#8221;500ms&#8221;][et_pb_column type=&#8221;4_4&#8243; _builder_version=&#8221;3.25&#8243; custom_padding=&#8221;|||&#8221; custom_padding__hover=&#8221;|||&#8221;][et_pb_text _builder_version=&#8221;4.9.2&#8243; text_font=&#8221;Roboto|500|||||||&#8221; text_text_color=&#8221;#4a4a4a&#8221; text_font_size=&#8221;16px&#8221; text_line_height=&#8221;1.8em&#8221; text_orientation=&#8221;center&#8221; custom_margin=&#8221;30px||||false|false&#8221; hover_enabled=&#8221;0&#8243; global_module=&#8221;243&#8243; saved_tabs=&#8221;all&#8221; link_option_url=&#8221;http:\/\/dakar-marketing.com\/index.php\/kontakt\/&#8221; sticky_enabled=&#8221;0&#8243;]<\/p>\n<p><a href=\"http:\/\/dakar-marketing.com\/index.php\/kontakt\/\"><span style=\"color: #000000;\">Chcesz dowiedzie\u0107 si\u0119 wi\u0119cej na temat dost\u0119pnej oferty?<\/span><\/a><br \/><a href=\"http:\/\/dakar-marketing.com\/index.php\/kontakt\/\"><span style=\"color: #000000;\">Skontaktuj si\u0119 z Naszym Zespo\u0142em!<\/span><\/a><\/p>\n<p>[\/et_pb_text][\/et_pb_column][\/et_pb_row][\/et_pb_section][et_pb_section fb_built=&#8221;1&#8243; _builder_version=&#8221;3.23.3&#8243; background_color=&#8221;#1C1E29&#8243; custom_padding=&#8221;0px||0px||true&#8221; global_module=&#8221;167&#8243; saved_tabs=&#8221;all&#8221;][et_pb_row use_custom_gutter=&#8221;on&#8221; gutter_width=&#8221;2&#8243; make_equal=&#8221;on&#8221; padding_top_bottom_link_2=&#8221;false&#8221; _builder_version=&#8221;3.25&#8243; width=&#8221;98%&#8221; width_tablet=&#8221;90%&#8221; width_phone=&#8221;90%&#8221; width_last_edited=&#8221;on|phone&#8221; max_width=&#8221;1120px&#8221; max_width_tablet=&#8221;90%&#8221; max_width_phone=&#8221;90%&#8221; max_width_last_edited=&#8221;on|tablet&#8221; custom_padding=&#8221;35px||35px||true|&#8221;][et_pb_column type=&#8221;4_4&#8243; _builder_version=&#8221;3.25&#8243; custom_padding=&#8221;|||&#8221; custom_padding__hover=&#8221;|||&#8221;][et_pb_text _builder_version=&#8221;4.9.2&#8243; header_font=&#8221;Poppins||||||||&#8221; header_text_align=&#8221;left&#8221; header_text_color=&#8221;#ffffff&#8221; header_line_height=&#8221;1.4em&#8221; module_alignment=&#8221;center&#8221; custom_padding=&#8221;5px||&#8221; header_font_size_tablet=&#8221;&#8221; header_font_size_phone=&#8221;25px&#8221; header_font_size_last_edited=&#8221;on|desktop&#8221;]<\/p>\n<h1 style=\"text-align: center;\">Razem z Nami kreuj wizerunek swojej Firmy<\/h1>\n<p>[\/et_pb_text][\/et_pb_column][\/et_pb_row][\/et_pb_section][et_pb_section fb_built=&#8221;1&#8243; _builder_version=&#8221;4.9.2&#8243; use_background_color_gradient=&#8221;on&#8221; background_color_gradient_start=&#8221;#ec7527&#8243; background_color_gradient_end=&#8221;rgba(236,117,39,0.85)&#8221; background_color_gradient_overlays_image=&#8221;on&#8221; background_image=&#8221;http:\/\/dakar-marketing.com\/wp-content\/uploads\/2021\/08\/rrrrr.png&#8221; custom_padding=&#8221;60px||60px||true|&#8221; global_module=&#8221;163&#8243; saved_tabs=&#8221;all&#8221;][et_pb_row column_structure=&#8221;2_5,3_5&#8243; use_custom_gutter=&#8221;on&#8221; gutter_width=&#8221;1&#8243; make_equal=&#8221;on&#8221; padding_top_bottom_link_2=&#8221;false&#8221; _builder_version=&#8221;4.9.2&#8243; width=&#8221;98%&#8221; width_tablet=&#8221;90%&#8221; width_phone=&#8221;90%&#8221; width_last_edited=&#8221;on|phone&#8221; max_width=&#8221;1120px&#8221; max_width_tablet=&#8221;90%&#8221; max_width_phone=&#8221;90%&#8221; max_width_last_edited=&#8221;on|tablet&#8221; custom_padding=&#8221;||22px|||&#8221;][et_pb_column type=&#8221;2_5&#8243; _builder_version=&#8221;3.25&#8243; custom_padding=&#8221;|||&#8221; custom_padding__hover=&#8221;|||&#8221;][et_pb_text _builder_version=&#8221;4.9.2&#8243; header_2_font=&#8221;Poppins|700|||||||&#8221; header_2_text_color=&#8221;#ffffff&#8221; header_2_font_size=&#8221;30px&#8221; header_2_line_height=&#8221;1.4em&#8221; max_width=&#8221;489px&#8221; custom_margin=&#8221;||&#8221; header_2_font_size_tablet=&#8221;&#8221; header_2_font_size_phone=&#8221;25px&#8221; header_2_font_size_last_edited=&#8221;on|desktop&#8221;]<\/p>\n<h2>Kontakt<\/h2>\n<p>[\/et_pb_text][et_pb_text _builder_version=&#8221;4.9.2&#8243; text_font=&#8221;Roboto|300|||||||&#8221; text_text_color=&#8221;#ffffff&#8221; text_font_size=&#8221;16px&#8221; text_line_height=&#8221;1.8em&#8221; max_width=&#8221;468px&#8221; custom_margin=&#8221;8px||&#8221;]<\/p>\n<p>Zadzwo\u0144, napisz lub odwied\u017a nas!<\/p>\n<p>[\/et_pb_text][et_pb_blurb title=&#8221;Rynek 2,&#8221; use_icon=&#8221;on&#8221; font_icon=&#8221;%%122%%&#8221; icon_color=&#8221;#FFFFFF&#8221; icon_placement=&#8221;left&#8221; _builder_version=&#8221;4.9.2&#8243; _module_preset=&#8221;default&#8221; header_font=&#8221;Roboto||||||||&#8221; header_text_color=&#8221;#FFFFFF&#8221; header_font_size=&#8221;19px&#8221; body_font=&#8221;Roboto||||||||&#8221; body_text_color=&#8221;#FFFFFF&#8221; body_font_size=&#8221;19px&#8221; custom_margin=&#8221;35px||||false|false&#8221;]<\/p>\n<p>89-100 Nak\u0142o n\/Noteci\u0105<\/p>\n<p>[\/et_pb_blurb][et_pb_blurb title=&#8221;Telefon&#8221; use_icon=&#8221;on&#8221; font_icon=&#8221;%%264%%&#8221; icon_color=&#8221;#FFFFFF&#8221; icon_placement=&#8221;left&#8221; _builder_version=&#8221;4.9.2&#8243; _module_preset=&#8221;default&#8221; header_font=&#8221;Roboto||||||||&#8221; header_text_color=&#8221;#FFFFFF&#8221; header_font_size=&#8221;19px&#8221; body_font=&#8221;Roboto||||||||&#8221; body_text_color=&#8221;#FFFFFF&#8221; body_font_size=&#8221;19px&#8221; custom_margin=&#8221;35px||||false|false&#8221;]+48\u00a0785\u00a0519\u00a0924 [\/et_pb_blurb][et_pb_blurb title=&#8221;E-mail&#8221; use_icon=&#8221;on&#8221; font_icon=&#8221;%%153%%&#8221; icon_color=&#8221;#FFFFFF&#8221; icon_placement=&#8221;left&#8221; _builder_version=&#8221;4.9.2&#8243; _module_preset=&#8221;default&#8221; header_font=&#8221;Roboto||||||||&#8221; header_text_color=&#8221;#FFFFFF&#8221; header_font_size=&#8221;19px&#8221; body_font=&#8221;Roboto||||||||&#8221; body_text_color=&#8221;#FFFFFF&#8221; body_font_size=&#8221;19px&#8221; custom_margin=&#8221;35px||||false|false&#8221;]biuro@dakar-marketing.com[\/et_pb_blurb][\/et_pb_column][et_pb_column type=&#8221;3_5&#8243; _builder_version=&#8221;3.25&#8243; custom_padding=&#8221;|||&#8221; custom_padding__hover=&#8221;|||&#8221;][et_pb_code _builder_version=&#8221;4.9.2&#8243; _module_preset=&#8221;default&#8221;]<iframe src=\"https:\/\/www.google.com\/maps\/embed?pb=!1m18!1m12!1m3!1d2393.5221575057676!2d17.5995116158305!3d53.13672287993564!2m3!1f0!2f0!3f0!3m2!1i1024!2i768!4f13.1!3m3!1m2!1s0x4703a03b46fec743%3A0xf82ab70fd4c67fe8!2sRynek%202%2C%2089-100%20Nak%C5%82o%20nad%20Noteci%C4%85!5e0!3m2!1spl!2spl!4v1629196039132!5m2!1spl!2spl\" width=\"100%\" height=\"500\" style=\"border:0;\" allowfullscreen=\"\" loading=\"lazy\"><\/iframe>[\/et_pb_code][\/et_pb_column][\/et_pb_row][\/et_pb_section]<\/p>\n","protected":false},"excerpt":{"rendered":"<p>[et_pb_section fb_built=&#8221;1&#8243; custom_padding_last_edited=&#8221;on|desktop&#8221; _builder_version=&#8221;4.9.2&#8243; use_background_color_gradient=&#8221;on&#8221; background_color_gradient_start=&#8221;rgba(0,0,0,0.7)&#8221; background_color_gradient_end=&#8221;rgba(0,0,0,0)&#8221; background_image=&#8221;http:\/\/dakar-marketing.com\/wp-content\/uploads\/2021\/08\/pexels-mikael-blomkvist-6476580-scaled.jpg&#8221; background_blend=&#8221;overlay&#8221; max_width=&#8221;92%&#8221; module_alignment=&#8221;center&#8221; custom_padding=&#8221;65px||65px||true|&#8221; custom_padding_tablet=&#8221;&#8221; custom_padding_phone=&#8221;90px||90px||true&#8221; animation_style=&#8221;slide&#8221; animation_direction=&#8221;top&#8221; border_color_right=&#8221;#ffffff&#8221; box_shadow_style=&#8221;preset2&#8243; box_shadow_color=&#8221;#000000&#8243; global_module=&#8221;171&#8243; saved_tabs=&#8221;all&#8221;][et_pb_row use_custom_gutter=&#8221;on&#8221; gutter_width=&#8221;2&#8243; make_equal=&#8221;on&#8221; _builder_version=&#8221;3.25&#8243; width=&#8221;98%&#8221; width_tablet=&#8221;90%&#8221; width_phone=&#8221;90%&#8221; width_last_edited=&#8221;on|phone&#8221; max_width=&#8221;1120px&#8221; max_width_tablet=&#8221;90%&#8221; max_width_phone=&#8221;90%&#8221; max_width_last_edited=&#8221;on|tablet&#8221;][et_pb_column type=&#8221;4_4&#8243; _builder_version=&#8221;3.25&#8243; custom_padding=&#8221;|||&#8221; custom_padding__hover=&#8221;|||&#8221;][et_pb_text _builder_version=&#8221;4.9.2&#8243; header_font=&#8221;Poppins|800|||||||&#8221; header_text_color=&#8221;#ffffff&#8221; header_font_size=&#8221;60px&#8221; header_line_height=&#8221;1.3em&#8221; max_width=&#8221;700px&#8221; header_font_size_tablet=&#8221;40px&#8221; header_font_size_phone=&#8221;25px&#8221; header_font_size_last_edited=&#8221;on|desktop&#8221; header_line_height_tablet=&#8221;&#8221; header_line_height_phone=&#8221;1.4em&#8221; header_line_height_last_edited=&#8221;on|desktop&#8221;] Widoczno\u015b\u0107 Firmw Internecie. [\/et_pb_text][et_pb_text _builder_version=&#8221;4.9.2&#8243; text_font=&#8221;Roboto|300|||||||&#8221; [&hellip;]<\/p>\n","protected":false},"author":1,"featured_media":0,"parent":0,"menu_order":0,"comment_status":"closed","ping_status":"closed","template":"","meta":{"_et_pb_use_builder":"on","_et_pb_old_content":"","_et_gb_content_width":"","footnotes":""},"class_list":["post-7","page","type-page","status-publish","hentry"],"_links":{"self":[{"href":"https:\/\/dakar-marketing.com\/index.php\/wp-json\/wp\/v2\/pages\/7","targetHints":{"allow":["GET"]}}],"collection":[{"href":"https:\/\/dakar-marketing.com\/index.php\/wp-json\/wp\/v2\/pages"}],"about":[{"href":"https:\/\/dakar-marketing.com\/index.php\/wp-json\/wp\/v2\/types\/page"}],"author":[{"embeddable":true,"href":"https:\/\/dakar-marketing.com\/index.php\/wp-json\/wp\/v2\/users\/1"}],"replies":[{"embeddable":true,"href":"https:\/\/dakar-marketing.com\/index.php\/wp-json\/wp\/v2\/comments?post=7"}],"version-history":[{"count":6,"href":"https:\/\/dakar-marketing.com\/index.php\/wp-json\/wp\/v2\/pages\/7\/revisions"}],"predecessor-version":[{"id":282,"href":"https:\/\/dakar-marketing.com\/index.php\/wp-json\/wp\/v2\/pages\/7\/revisions\/282"}],"wp:attachment":[{"href":"https:\/\/dakar-marketing.com\/index.php\/wp-json\/wp\/v2\/media?parent=7"}],"curies":[{"name":"wp","href":"https:\/\/api.w.org\/{rel}","templated":true}]}}